{"id":41,"date":"2025-02-13T19:28:40","date_gmt":"2025-02-13T18:28:40","guid":{"rendered":"https:\/\/cbiome.fr\/?page_id=41"},"modified":"2025-02-13T19:28:40","modified_gmt":"2025-02-13T18:28:40","slug":"mentions-legales","status":"publish","type":"page","link":"https:\/\/cbiome.fr\/index.php\/mentions-legales\/","title":{"rendered":"Mentions l\u00e9gales"},"content":{"rendered":"\n<p><strong><u>1. Informations l\u00e9gales<\/u><\/strong><\/p>\n\n\n\n<p>Conform\u00e9ment aux dispositions des articles 6-III et 19 de la loi pour la Confiance dans l\u2019\u00c9conomie Num\u00e9rique, nous vous informons que :<\/p>\n\n\n\n<p>Le pr\u00e9sent site web est \u00e9dit\u00e9 par :<\/p>\n\n\n\n<p>CBIOME<\/p>\n\n\n\n<p>SAS au capital de 10 000 \u20ac<\/p>\n\n\n\n<p>15 rue des pilotes 94360 BRY SUR MARNE<\/p>\n\n\n\n<p>Contact : <a href=\"mailto:cbiome@cbiome.fr\">cbiome@cbiome.fr<\/a><\/p>\n\n\n\n<p>RCS Cr\u00e9teil \u2013&nbsp; 939 545 059 00015<\/p>\n\n\n\n<p><em><u>Directeur de la publication<\/u><\/em> : Christophe MEUNIER<\/p>\n\n\n\n<p><em><u>H\u00e9bergeur<\/u><\/em><\/p>\n\n\n\n<p>OVH<\/p>\n\n\n\n<p>OVH SAS est une filiale de la soci\u00e9t\u00e9 OVH Groupe SA, soci\u00e9t\u00e9 immatricul\u00e9e au RCS de Lille sous le num\u00e9ro 537 407 926 sise 2, rue Kellermann, 59100 Roubaix.<\/p>\n\n\n\n<p>2 rue Kellermann<\/p>\n\n\n\n<p>59100 \u2013 Roubaix &#8211; France<\/p>\n\n\n\n<p><strong><u>2. Cr\u00e9dits<\/u><\/strong><\/p>\n\n\n\n<p>Conception, R\u00e9dactionnel, Design<\/p>\n\n\n\n<p>CBIOME<\/p>\n\n\n\n<p>15 rue des pilotes 94360 BRY SUR MARNE<\/p>\n\n\n\n<p>RCS Cr\u00e9teil \u2013&nbsp; 939 545 059 00015<\/p>\n\n\n\n<p><em><u>Contact <\/u><\/em>: Christophe MEUNIER, +33 6 09 17 40 03, <a href=\"mailto:cbiome@cbiome.fr\">cbiome@cbiome.fr<\/a><\/p>\n\n\n\n<p><strong><u>3. Responsabilit\u00e9 face aux liens vers d\u2019autres sites<\/u><\/strong><\/p>\n\n\n\n<p>Le site CBIOME.FR peut proposer des liens vers d\u2019autres sites, essentiellement des sites officiels, mais aussi vers des sites, fran\u00e7ais ou \u00e9trangers, d\u2019associations, ou d\u2019entreprises partenaires sur des op\u00e9rations ponctuelles.<\/p>\n\n\n\n<p>Chaque fois, il est syst\u00e9matiquement pr\u00e9cis\u00e9 vers quel site nous vous proposons d\u2019aller. Ces pages, dont les adresses sont r\u00e9guli\u00e8rement v\u00e9rifi\u00e9es, ne font pas partie du site CBIOME.FR : elles n\u2019engagent pas la responsabilit\u00e9 de la r\u00e9daction du site qui ne peut \u00eatre tenue pour responsable des contenus vers lesquels ces liens pointent. Ils ne visent qu\u2019\u00e0 permettre \u00e0 l\u2019internaute d\u2019acc\u00e9der plus facilement \u00e0 d\u2019autres ressources documentaires sur le sujet consult\u00e9.<\/p>\n\n\n\n<p><strong><u>4. Cookies, statistiques et donn\u00e9es personnelles<\/u><\/strong><\/p>\n\n\n\n<p><em><u>Qu\u2019est-ce qu\u2019un cookie ?<\/u><\/em><\/p>\n\n\n\n<p>A l\u2019occasion de la consultation d\u2019un site internet, un \u00e9diteur de site internet peut, sous r\u00e9serve de vos choix, d\u00e9poser sur votre ordinateur, gr\u00e2ce \u00e0 votre logiciel de navigation, un fichier texte (un cookie). Il va lui permettre pendant la dur\u00e9e d\u2019existence du cookie, d\u2019identifier votre ordinateur lors de vos prochaines visites. Des soci\u00e9t\u00e9s tierces peuvent \u00e9galement, sous r\u00e9serve de vos choix, d\u00e9poser des cookies sur votre ordinateur.<\/p>\n\n\n\n<p><em><u>Les cookies sur ce site<\/u><\/em><\/p>\n\n\n\n<p>Nous \u00e9mettons des cookies afin d\u2019\u00e9tablir des statistiques de fr\u00e9quentation (nombre de visites, de pages vues \u2026) gr\u00e2ce aux services Google Analytics afin de suivre et d\u2019am\u00e9liorer la qualit\u00e9 de notre site. Nous avons fix\u00e9 une dur\u00e9e de validit\u00e9 de 12 mois pour ces cookies. Nous vous informons \u00e9galement que sur ce site internet, un code a \u00e9t\u00e9 ajout\u00e9 afin de garantir un suivi anonyme des adresses IP (l\u2019utilisation de l\u2019adresse IP pour g\u00e9olocaliser l\u2019usager ne peut permettre de d\u00e9terminer que sa ville ).<\/p>\n\n\n\n<p>Nous utilisons \u00e9galement des cookies dits \u201ctechniques\u201d pour am\u00e9liorer votre exp\u00e9rience sur ce site.<\/p>\n\n\n\n<p><em><u>Compl\u00e9ments d\u2019informations concernant les statistiques Google Analytics :<\/u><\/em><\/p>\n\n\n\n<p>Ce site utilise Google Analytics, un service d\u2019analyse de site internet fourni par Google Inc. (\u00ab Google \u00bb). Google Analytics utilise des cookies , qui sont des fichiers texte plac\u00e9s sur votre ordinateur, pour aider le site internet \u00e0 analyser l\u2019utilisation du site par ses utilisateurs. Les donn\u00e9es g\u00e9n\u00e9r\u00e9es par les cookies concernant votre utilisation du site (y compris votre adresse IP) seront transmises et stock\u00e9es par Google sur des serveurs situ\u00e9s aux \u00c9tats-Unis. Google respecte les normes de protection des donn\u00e9es du programme du minist\u00e8re am\u00e9ricain du Commerce ( \u00ab Safe Harbor Principles \u00bb). Google utilisera cette information dans le but d\u2019\u00e9valuer votre utilisation du site, de compiler des rapports sur l\u2019activit\u00e9 du site \u00e0 destination de son \u00e9diteur et de fournir d\u2019autres services relatifs \u00e0 l\u2019activit\u00e9 du site et \u00e0 l\u2019utilisation d\u2019Internet. Google est susceptible de communiquer ces donn\u00e9es \u00e0 des tiers en cas d\u2019obligation l\u00e9gale ou lorsque ces tiers traitent ces donn\u00e9es pour le compte de Google, y compris notamment l\u2019\u00e9diteur de ce site. Google ne recoupera pas votre adresse IP avec toute autre donn\u00e9e d\u00e9tenue par Google.<\/p>\n\n\n\n<p><em><u>Vos choix pour les cookies<\/u><\/em><\/p>\n\n\n\n<p>L\u2019enregistrement d\u2019un cookie dans votre ordinateur est de votre volont\u00e9. Si vous ne souhaitez pas accepter les cookies que nous \u00e9mettons ou ceux \u00e9mis par des tiers sur ce site, vous avez notamment, la possibilit\u00e9 pour cela de param\u00e9trer votre navigateur :<\/p>\n\n\n\n<p>Pour Internet Explorer<\/p>\n\n\n\n<p>Pour Safari<\/p>\n\n\n\n<p>Pour Chrome<\/p>\n\n\n\n<p>Pour Firefox<\/p>\n\n\n\n<p>Pour Opera<\/p>\n\n\n\n<p><em><u>Donn\u00e9es personnelles<\/u><\/em><\/p>\n\n\n\n<p>Les informations recueillies \u00e0 partir des \u00e9ventuels formulaires de ce site font l\u2019objet d\u2019un traitement informatique destin\u00e9 \u00e0 CBIOME, pour la ou les finalit\u00e9(s) suivante(s) : r\u00e9pondre \u00e0 vos besoins \/ transmettre des informations. Seule la SAS CBIOME est destinataire des donn\u00e9es.<\/p>\n\n\n\n<p><em><u>Que peut contenir le formulaire de contact ?<\/u><\/em><\/p>\n\n\n\n<p>Des informations \u00e0 caract\u00e8re personnel telles que : adresse mail, nom, pr\u00e9nom. Dans ces formulaires de contact, CBIOME s\u2019engage \u00e0 ne demander que les informations n\u00e9cessaires \u00e0 l\u2019acc\u00e8s au service propos\u00e9 et associ\u00e9 \u00e0 un r\u00e9el b\u00e9n\u00e9fice utilisateurs.<\/p>\n\n\n\n<p>Conform\u00e9ment \u00e0 la loi \u00ab informatique et libert\u00e9s \u00bb du 6 janvier 1978 modifi\u00e9e, vous disposez d\u2019un droit d\u2019acc\u00e8s et de rectification aux informations qui vous concernent. Vous pouvez acc\u00e9der aux informations vous concernant en vous adressant \u00e0 : CBIOME.FR\/contact. Vous pouvez \u00e9galement, pour des motifs l\u00e9gitimes, vous opposer au traitement des donn\u00e9es vous concernant.<\/p>\n\n\n\n<p><strong><u>5. Propri\u00e9t\u00e9 intellectuelle<\/u><\/strong><\/p>\n\n\n\n<p>La structure g\u00e9n\u00e9rale ainsi que les textes, images et tous les autres \u00e9l\u00e9ments composant le site sont la propri\u00e9t\u00e9 exclusive de CBIOME, avec l&rsquo;utilisation d&rsquo;images libres de droit.<\/p>\n\n\n\n<p>Toute repr\u00e9sentation totale ou partielle de ce site par quelle que personne que ce soit, sans l\u2019autorisation expresse de CBIOME est interdite et constituerait une contrefa\u00e7on sanctionn\u00e9e par les articles L. 335-2 et suivants du Code de la propri\u00e9t\u00e9 intellectuelle.<\/p>\n\n\n\n<p>Il en est de m\u00eame des bases de donn\u00e9es figurant, le cas \u00e9ch\u00e9ant sur le site web qui sont prot\u00e9g\u00e9es par les dispositions de la loi du 1er juillet 1998 portant transposition dans le Code de la propri\u00e9t\u00e9 intellectuelle de la directive du 11 mars 1996 relative \u00e0 la protection juridique des bases de donn\u00e9es, et dont CBIOME est producteur.<\/p>\n\n\n\n<p><strong><u>Consentement aux cookies<\/u><\/strong><\/p>\n\n\n\n<p>Les cookies permettent de stocker des informations sur votre navigation pour am\u00e9liorer votre exp\u00e9rience en ligne, comme la personnalisation du contenu ou la m\u00e9morisation de vos pr\u00e9f\u00e9rences. En acceptant les cookies, vous autorisez \u00e9galement leur utilisation \u00e0 des fins de suivi et d&rsquo;analyse pour optimiser les performances du site.<\/p>\n","protected":false},"excerpt":{"rendered":"<p>1. Informations l\u00e9gales Conform\u00e9ment aux dispositions des articles 6-III et 19 de la loi pour la Confiance dans l\u2019\u00c9conomie Num\u00e9rique, nous vous informons que : Le pr\u00e9sent site web est \u00e9dit\u00e9 par : CBIOME SAS au capital de 10 000 \u20ac 15 rue des pilotes 94360 BRY SUR MARNE Contact : cbiome@cbiome.fr RCS Cr\u00e9teil \u2013&nbsp; [&hellip;]<\/p>\n","protected":false},"author":1,"featured_media":0,"parent":0,"menu_order":0,"comment_status":"closed","ping_status":"closed","template":"","meta":{"footnotes":""},"class_list":["post-41","page","type-page","status-publish","hentry"],"_links":{"self":[{"href":"https:\/\/cbiome.fr\/index.php\/wp-json\/wp\/v2\/pages\/41","targetHints":{"allow":["GET"]}}],"collection":[{"href":"https:\/\/cbiome.fr\/index.php\/wp-json\/wp\/v2\/pages"}],"about":[{"href":"https:\/\/cbiome.fr\/index.php\/wp-json\/wp\/v2\/types\/page"}],"author":[{"embeddable":true,"href":"https:\/\/cbiome.fr\/index.php\/wp-json\/wp\/v2\/users\/1"}],"replies":[{"embeddable":true,"href":"https:\/\/cbiome.fr\/index.php\/wp-json\/wp\/v2\/comments?post=41"}],"version-history":[{"count":1,"href":"https:\/\/cbiome.fr\/index.php\/wp-json\/wp\/v2\/pages\/41\/revisions"}],"predecessor-version":[{"id":42,"href":"https:\/\/cbiome.fr\/index.php\/wp-json\/wp\/v2\/pages\/41\/revisions\/42"}],"wp:attachment":[{"href":"https:\/\/cbiome.fr\/index.php\/wp-json\/wp\/v2\/media?parent=41"}],"curies":[{"name":"wp","href":"https:\/\/api.w.org\/{rel}","templated":true}]}}